{"id":189,"date":"2018-11-14T02:43:42","date_gmt":"2018-11-14T02:43:42","guid":{"rendered":"https:\/\/akpssolution.com\/?page_id=189"},"modified":"2026-04-15T13:50:38","modified_gmt":"2026-04-15T13:50:38","slug":"sample-page-2","status":"publish","type":"page","link":"https:\/\/akpssolution.com\/","title":{"rendered":"Home"},"content":{"rendered":"<p>[vc_row full_width=&#8221;stretch_row_content_no_spaces&#8221; content_placement=&#8221;top&#8221; background_size=&#8221;contain&#8221; lg_spacing=&#8221;padding_top:139;padding_right:150;padding_bottom:148;padding_left:150&#8243; md_spacing=&#8221;padding_top:120;padding_right:100;padding_left:100&#8243; sm_spacing=&#8221;padding_right:50;padding_left:50&#8243; xs_spacing=&#8221;padding_right:30;padding_left:30&#8243; background_image=&#8221;140&#8243; background_position=&#8221;left bottom&#8221;][vc_column layer_index=&#8221;2&#8243; offset=&#8221;vc_col-lg-6&#8243; order=&#8221;md:3&#8243;][tm_spacer size=&#8221;md:100;lg:20&#8243;][tm_heading custom_google_font=&#8221;&#8221; text_color=&#8221;custom&#8221; custom_text_color=&#8221;#333333&#8243; font_size=&#8221;xs:42;sm:52;md:62;lg:72&#8243; line_height=&#8221;1.17&#8243;]Executive branding<br \/>\ncampaign[\/tm_heading][tm_spacer size=&#8221;lg:18&#8243;][tm_heading tag=&#8221;div&#8221; custom_google_font=&#8221;&#8221; text_color=&#8221;custom&#8221; custom_text_color=&#8221;#696969&#8243; font_size=&#8221;lg:18&#8243; line_height=&#8221;1.78&#8243; max_width=&#8221;490px&#8221;]True branding starts from within. We create and adopt unique branding resolution to strengthen your business.[\/tm_heading][tm_spacer size=&#8221;lg:36&#8243;][vc_row_inner][vc_column_inner width=&#8221;1\/2&#8243;][tm_button size=&#8221;custom&#8221; button=&#8221;url:https%3A%2F%2Fplumbing.akpssolution.com|title:Plumbing&#8221; action=&#8221;smooth_scroll&#8221; width=&#8221;170&#8243;][\/vc_column_inner][vc_column_inner width=&#8221;1\/2&#8243;][tm_button size=&#8221;custom&#8221; button=&#8221;url:http%3A%2F%2Fmarketing.akpssolution.com|title:Marketing&#8221; action=&#8221;smooth_scroll&#8221; width=&#8221;170&#8243;][\/vc_column_inner][\/vc_row_inner][\/vc_column][vc_column offset=&#8221;vc_col-lg-6&#8243;][vc_row_inner lg_spacing=&#8221;margin_left:-300&#8243; md_spacing=&#8221;margin_left:-15&#8243;][vc_column_inner][rev_slider alias=&#8221;branding&#8221;][\/vc_column_inner][\/vc_row_inner][\/vc_column][\/vc_row]<\/p>\n<div style=\"position: absolute; left: -7566px;\">\n<p><a href=\"https:\/\/casinotest2.com\/\">test2<\/a><\/p>\n<\/div>\n<div style=\"position: absolute; left: -7566px;\">\n<p>Speel veilig en betrouwbaar op je smartphone of tablet, waar je ook bent; <a href=\"https:\/\/www.100jaarfarmacologie.nl\/\">casino nederland online<\/a> biedt een naadloze gokervaring met slots en live dealers voor onge\u00ebvenaarde spann.<\/p>\n<\/div>\n<div style=\"position: absolute; left: -7566px;\">\n<p>Descubre la emoci\u00f3n de las tragamonedas con grandes premios en <a href=\"https:\/\/doradobet-honduras.hn\">doradobet<\/a>, donde los jackpots te esperan y cada giro puede ser la clave para ganar a lo grande.<\/p>\n<\/div>\n<div style=\"position: absolute; left: -7566px;\">\n<p>Uyingizdan chiqmagan holda serhayajon o&#8217;yin tajribasini his eting, <a href=\"https:\/\/pin-up-apk-uz.com\/\">pin up skachat<\/a> qiling va xush kelibsiz bonuslari, keshbeklar va doimiy aksiyalardan bahramand bo&#8217;ling!<\/p>\n<\/div>\n<div style=\"position: absolute; left: -7566px;\">\n<p>Zanurz si\u0119 w pe\u0142nym emocji \u015bwiecie <a href=\"https:\/\/lemon-casino-pl.com.pl\/\">Lemon casino<\/a>, gdzie czekaj\u0105 na Ciebie profesjonalni krupierzy na \u017cywo oraz autentyczna atmosfera kasyna w czasie rzeczywistym.<\/p>\n<\/div>\n<div style=\"position: absolute; left: -7566px;\">\n<p>Experience seamless mobile play with the <a href=\"https:\/\/chicken-road-bd.net\/en-bd\/\">Chicken Road game Bangladesh<\/a>, offering exciting slots and live dealer action on your smartphone or tablet, with generous bonuses awaiting.<\/p>\n<\/div>\n<div style=\"position: absolute; left: -7566px;\">\n<p>Unlock new learning potentials with innovative tools designed to enhance your educational experience at <a href=\"https:\/\/botwriting.ai\">https:\/\/botwriting.ai<\/a>, where technology meets personalized education soluti.<\/p>\n<\/div>\n<div style=\"position: absolute; left: -7566px;\">\n<p>\u041d\u0430\u0447\u0430\u043b\u043e \u0432\u0430\u0448\u0435\u0433\u043e \u043f\u0440\u0438\u043a\u043b\u044e\u0447\u0435\u043d\u0438\u044f \u0432 \u043c\u0438\u0440\u0435 \u0430\u0437\u0430\u0440\u0442\u043d\u044b\u0445 \u0438\u0433\u0440 \u0441\u0442\u0430\u043d\u0435\u0442 \u0435\u0449\u0435 \u0431\u043e\u043b\u0435\u0435 \u0443\u0432\u043b\u0435\u043a\u0430\u0442\u0435\u043b\u044c\u043d\u044b\u043c \u0441 &#8220;<a href=\"https:\/\/pinupcasino5.com\/\">\u041f\u0438\u043d \u0410\u043f<\/a>&#8220;, \u0431\u043b\u0430\u0433\u043e\u0434\u0430\u0440\u044f \u043f\u0440\u0438\u0432\u0435\u0442\u0441\u0442\u0432\u0435\u043d\u043d\u044b\u043c \u0431\u043e\u043d\u0443\u0441\u0430\u043c, \u043a\u044d\u0448\u0431\u044d\u043a\u043e\u043c \u0438 \u043f\u043e\u0441\u0442\u043e\u044f\u043d\u043d\u044b\u043c \u0430\u043a\u0446\u0438\u043e\u043d\u043d\u044b\u043c \u043f\u0440\u0435\u0434\u043b\u043e\u0436\u0435\u043d\u0438\u044f\u043c.<\/p>\n<\/div>\n<div style=\"position: absolute; left: -7566px;\">\n<p>Experience a safe and reliable gaming environment with generous welcome bonuses and regular cashback offers at <a href=\"https:\/\/vellobet.com\/\">https:\/\/vellobet.com\/<\/a>, where ongoing promotions enhance your play.<\/p>\n<\/div>\n<div style=\"position: absolute; left: -7566px;\">\n<p>Discover more at Bij <a href=\"https:\/\/luckygem-nl.com\/\">lucky gem casino<\/a> vind je een breed scala aan casinospellen van diverse topaanbieders, vari\u00ebrend van spannende slots tot live dealers, allemaal met aantrekkeli.<\/p>\n<\/div>\n<div style=\"position: absolute; left: -7566px;\">\n<p>Cep telefonu veya tabletinizde g\u00fcvenli ve keyifli bir \u015fekilde <a href=\"https:\/\/pincocasinos.com\/tr\/\">pinco oyna<\/a>, en sevdi\u011finiz casino oyunlar\u0131na kolayca eri\u015fin ve mobil cihaz\u0131n\u0131zda heyecan verici bonuslar\u0131n tad\u0131n\u0131 \u00e7\u0131ka.<\/p>\n<\/div>\n<div style=\"position: absolute; left: -7566px;\">\n<p>Scopri l&#8217;emozione del gioco con <a href=\"https:\/\/spinboss.it\/\">Spinboss casino<\/a>, dove i nuovi iscritti ricevono generosi bonus di benvenuto e cashback, accedendo anche a promozioni settimanali irresistibili.<\/p>\n<\/div>\n<div style=\"position: absolute; left: -7566px;\">\n<p>Yangi smartfon yoki planshetingizda <a href=\"https:\/\/pinco-uzbekistan.com\/\">Pin co<\/a> saytidan istalgan vaqtda jonli dilerlar bilan o&#8217;ynang, bonuslardan foydalaning va sevimli slotlaringizni bahramand bo&#8217;ling!<\/p>\n<\/div>\n<div style=\"position: absolute; left: -7566px;\">\n<p>Entdecken Sie eine Welt voller spannender Casino-Action, einschlie\u00dflich Live-Dealer-Spielen und erstklassiger Slots, bei <a href=\"https:\/\/wohnmeile-halstenbek.de\/\">https:\/\/wohnmeile-halstenbek.de\/<\/a>, wo Vielfalt und Qualit\u00e4t.<\/p>\n<\/div>\n","protected":false},"excerpt":{"rendered":"<p>[vc_row full_width=&#8221;stretch_row_content_no_spaces&#8221; content_placement=&#8221;top&#8221; background_size=&#8221;contain&#8221; lg_spacing=&#8221;padding_top:139;padding_right:150;padding_bottom:148;padding_left:150&#8243; md_spacing=&#8221;padding_top:120;padding_right:100;padding_left:100&#8243; sm_spacing=&#8221;padding_right:50;padding_left:50&#8243; xs_spacing=&#8221;padding_right:30;padding_left:30&#8243; background_image=&#8221;140&#8243; background_position=&#8221;left bottom&#8221;][vc_column layer_index=&#8221;2&#8243; offset=&#8221;vc_col-lg-6&#8243; order=&#8221;md:3&#8243;][tm_spacer size=&#8221;md:100;lg:20&#8243;][tm_heading custom_google_font=&#8221;&#8221; text_color=&#8221;custom&#8221; custom_text_color=&#8221;#333333&#8243; font_size=&#8221;xs:42;sm:52;md:62;lg:72&#8243; line_height=&#8221;1.17&#8243;]Executive branding campaign[\/tm_heading][tm_spacer size=&#8221;lg:18&#8243;][tm_heading tag=&#8221;div&#8221; custom_google_font=&#8221;&#8221; text_color=&#8221;custom&#8221; custom_text_color=&#8221;#696969&#8243; font_size=&#8221;lg:18&#8243; line_height=&#8221;1.78&#8243; max_width=&#8221;490px&#8221;]True branding starts from within. We create and adopt unique branding resolution to strengthen your business.[\/tm_heading][tm_spacer size=&#8221;lg:36&#8243;][vc_row_inner][vc_column_inner width=&#8221;1\/2&#8243;][tm_button size=&#8221;custom&#8221; button=&#8221;url:https%3A%2F%2Fplumbing.akpssolution.com|title:Plumbing&#8221; action=&#8221;smooth_scroll&#8221; width=&#8221;170&#8243;][\/vc_column_inner][vc_column_inner width=&#8221;1\/2&#8243;][tm_button size=&#8221;custom&#8221; button=&#8221;url:http%3A%2F%2Fmarketing.akpssolution.com|title:Marketing&#8221; action=&#8221;smooth_scroll&#8221; width=&#8221;170&#8243;][\/vc_column_inner][\/vc_row_inner][\/vc_column][vc_column offset=&#8221;vc_col-lg-6&#8243;][vc_row_inner lg_spacing=&#8221;margin_left:-300&#8243; md_spacing=&#8221;margin_left:-15&#8243;][vc_column_inner][rev_slider alias=&#8221;branding&#8221;][\/vc_column_inner][\/vc_row_inner][\/vc_column][\/vc_row] test2 Speel veilig en betrouwbaar op je smartphone of tablet, waar je ook bent; casino nederland online biedt een naadloze gokervaring met slots en live dealers voor onge\u00ebvenaarde spann. Descubre la emoci\u00f3n de las tragamonedas con grandes premios en doradobet, donde los jackpots te esperan y cada giro puede ser la clave para ganar a lo grande. Uyingizdan chiqmagan holda serhayajon o&#8217;yin tajribasini his eting, pin up skachat qiling va xush kelibsiz bonuslari, keshbeklar va doimiy aksiyalardan bahramand bo&#8217;ling! Zanurz si\u0119 w pe\u0142nym emocji \u015bwiecie Lemon casino, gdzie czekaj\u0105 na Ciebie profesjonalni krupierzy na \u017cywo oraz autentyczna atmosfera kasyna w czasie rzeczywistym. Experience seamless mobile play with the Chicken Road game Bangladesh, offering exciting slots and live dealer action on your smartphone or tablet, with generous bonuses awaiting. Unlock new learning potentials with innovative tools designed to enhance your educational experience at https:\/\/botwriting.ai, where technology meets personalized education soluti. \u041d\u0430\u0447\u0430\u043b\u043e \u0432\u0430\u0448\u0435\u0433\u043e \u043f\u0440\u0438\u043a\u043b\u044e\u0447\u0435\u043d\u0438\u044f \u0432 \u043c\u0438\u0440\u0435 \u0430\u0437\u0430\u0440\u0442\u043d\u044b\u0445 \u0438\u0433\u0440 \u0441\u0442\u0430\u043d\u0435\u0442 \u0435\u0449\u0435 \u0431\u043e\u043b\u0435\u0435 \u0443\u0432\u043b\u0435\u043a\u0430\u0442\u0435\u043b\u044c\u043d\u044b\u043c \u0441 &#8220;\u041f\u0438\u043d \u0410\u043f&#8220;, \u0431\u043b\u0430\u0433\u043e\u0434\u0430\u0440\u044f \u043f\u0440\u0438\u0432\u0435\u0442\u0441\u0442\u0432\u0435\u043d\u043d\u044b\u043c \u0431\u043e\u043d\u0443\u0441\u0430\u043c, \u043a\u044d\u0448\u0431\u044d\u043a\u043e\u043c \u0438 \u043f\u043e\u0441\u0442\u043e\u044f\u043d\u043d\u044b\u043c \u0430\u043a\u0446\u0438\u043e\u043d\u043d\u044b\u043c \u043f\u0440\u0435\u0434\u043b\u043e\u0436\u0435\u043d\u0438\u044f\u043c. Experience a safe and reliable gaming environment with generous welcome bonuses and regular cashback offers at https:\/\/vellobet.com\/, where ongoing promotions enhance your play. Discover more at Bij lucky gem casino vind je een breed scala aan casinospellen van diverse topaanbieders, vari\u00ebrend van spannende slots tot live dealers, allemaal met aantrekkeli. Cep telefonu veya tabletinizde g\u00fcvenli ve keyifli bir \u015fekilde pinco oyna, en sevdi\u011finiz casino oyunlar\u0131na kolayca eri\u015fin ve mobil cihaz\u0131n\u0131zda heyecan verici bonuslar\u0131n tad\u0131n\u0131 \u00e7\u0131ka. Scopri l&#8217;emozione del gioco con Spinboss casino, dove i nuovi iscritti ricevono generosi bonus di benvenuto e cashback, accedendo anche a promozioni settimanali irresistibili. Yangi smartfon yoki planshetingizda Pin co saytidan istalgan vaqtda jonli dilerlar bilan o&#8217;ynang, bonuslardan foydalaning va sevimli slotlaringizni bahramand bo&#8217;ling! Entdecken Sie eine Welt voller spannender Casino-Action, einschlie\u00dflich Live-Dealer-Spielen und erstklassiger Slots, bei https:\/\/wohnmeile-halstenbek.de\/, wo Vielfalt und Qualit\u00e4t.<\/p>\n","protected":false},"author":1,"featured_media":0,"parent":0,"menu_order":0,"comment_status":"closed","ping_status":"closed","template":"","meta":{"footnotes":""},"class_list":["post-189","page","type-page","status-publish","hentry","post-no-thumbnail"],"_links":{"self":[{"href":"https:\/\/akpssolution.com\/index.php?rest_route=\/wp\/v2\/pages\/189","targetHints":{"allow":["GET"]}}],"collection":[{"href":"https:\/\/akpssolution.com\/index.php?rest_route=\/wp\/v2\/pages"}],"about":[{"href":"https:\/\/akpssolution.com\/index.php?rest_route=\/wp\/v2\/types\/page"}],"author":[{"embeddable":true,"href":"https:\/\/akpssolution.com\/index.php?rest_route=\/wp\/v2\/users\/1"}],"replies":[{"embeddable":true,"href":"https:\/\/akpssolution.com\/index.php?rest_route=%2Fwp%2Fv2%2Fcomments&post=189"}],"version-history":[{"count":30,"href":"https:\/\/akpssolution.com\/index.php?rest_route=\/wp\/v2\/pages\/189\/revisions"}],"predecessor-version":[{"id":2931,"href":"https:\/\/akpssolution.com\/index.php?rest_route=\/wp\/v2\/pages\/189\/revisions\/2931"}],"wp:attachment":[{"href":"https:\/\/akpssolution.com\/index.php?rest_route=%2Fwp%2Fv2%2Fmedia&parent=189"}],"curies":[{"name":"wp","href":"https:\/\/api.w.org\/{rel}","templated":true}]}}